{"id":23,"date":"2025-01-02T00:27:07","date_gmt":"2025-01-01T21:27:07","guid":{"rendered":"http:\/\/nexim.com.tr\/?page_id=23"},"modified":"2025-01-25T04:28:42","modified_gmt":"2025-01-25T01:28:42","slug":"ana-sayfa","status":"publish","type":"page","link":"https:\/\/nexim.com.tr\/index.php\/ana-sayfa\/","title":{"rendered":"\u0130\u015f Y\u00f6netim Teknolojisi"},"content":{"rendered":"\t<div id=\"gap-1178552593\" class=\"gap-element clearfix\" style=\"display:block; height:auto;\">\n\t\t\n<style>\n#gap-1178552593 {\n  padding-top: 120px;\n}\n<\/style>\n\t<\/div>\n\t\n\n\t<div id=\"text-229037983\" class=\"text\">\n\t\t\n\n<h2>\u00a0<\/h2>\n<p>\u00a0<\/p>\n<h2 style=\"text-align: center;\"><span style=\"color: #ff9900;\"><strong>BULUT TABANLI SON TEKNOLOJ\u0130<\/strong><\/span><\/h2>\n<h3 style=\"text-align: center;\"><img loading=\"lazy\" decoding=\"async\" class=\"wp-image-40 aligncenter\" src=\"http:\/\/nexim.com.tr\/wp-content\/uploads\/2025\/01\/Adsiz-tasarim-24.png\" alt=\"\" width=\"343\" height=\"610\" srcset=\"https:\/\/nexim.com.tr\/wp-content\/uploads\/2025\/01\/Adsiz-tasarim-24.png 1080w, https:\/\/nexim.com.tr\/wp-content\/uploads\/2025\/01\/Adsiz-tasarim-24-169x300.png 169w, https:\/\/nexim.com.tr\/wp-content\/uploads\/2025\/01\/Adsiz-tasarim-24-576x1024.png 576w, https:\/\/nexim.com.tr\/wp-content\/uploads\/2025\/01\/Adsiz-tasarim-24-768x1365.png 768w, https:\/\/nexim.com.tr\/wp-content\/uploads\/2025\/01\/Adsiz-tasarim-24-864x1536.png 864w, https:\/\/nexim.com.tr\/wp-content\/uploads\/2025\/01\/Adsiz-tasarim-24-600x1067.png 600w\" sizes=\"auto, (max-width: 343px) 100vw, 343px\" \/><\/h3>\n<h3 style=\"text-align: center;\"><strong style=\"color: #ffb700; font-size: 170%;\">\u0130\u015f Y\u00f6netimi Art\u0131k \u00c7ok Kolay<\/strong><\/h3>\n<p style=\"text-align: center;\">Cebinizden ortalama 30 saniyede;<\/p>\n<p style=\"text-align: center;\">M\u00fc\u015fteri Y\u00f6netimi<\/p>\n<p style=\"text-align: center;\">\u00dcr\u00fcn Y\u00f6netimi<\/p>\n<p style=\"text-align: center;\">H\u0131zl\u0131 Teklif Y\u00f6netimi<\/p>\n<p style=\"text-align: center;\">\u00c7al\u0131\u015fan Y\u00f6netimi<\/p>\n<p style=\"text-align: center;\">\u015eirket \u0130\u00e7i Mesajla\u015fma,Dosya G\u00f6nderme<\/p>\n<p style=\"text-align: center;\">Hat\u0131rlat\u0131c\u0131 Alarm Y\u00f6netimi<\/p>\n<p style=\"text-align: center;\">Haritaland\u0131rma<\/p>\n<p style=\"text-align: center;\">\u0130statistik ve Raporlama<\/p>\n<p style=\"text-align: center;\">ger\u00e7ekle\u015ftirebilir, zamandan tasarruf ederken kazan\u00e7lar\u0131n\u0131z\u0131 y\u00fcksek oranlarda katlayabilirsiniz.<\/p>\n\t\t\n<style>\n#text-229037983 {\n  text-align: center;\n}\n<\/style>\n\t<\/div>\n\t\n\n\t<section class=\"section dark\" id=\"section_1251013588\">\n\t\t<div class=\"section-bg fill\" >\n\t\t\t\t\t\t\t\t\t\n\t\t\t\n\t<div class=\"is-border\"\n\t\tstyle=\"border-color:rgb(235, 235, 235);border-width:1px 0px 0px 0px;\">\n\t<\/div>\n\n\t\t<\/div>\n\n\t\t\n\n\t\t<div class=\"section-content relative\">\n\t\t\t\n\n<div class=\"row\"  id=\"row-377642603\">\n\n\n\t<div id=\"col-255691763\" class=\"col medium-4 small-12 large-4\"  >\n\t\t\t\t<div class=\"col-inner\"  >\n\t\t\t\n\t\t\t\n\n\n\t\t<div class=\"icon-box featured-box icon-box-top text-left\"  style=\"margin:px px px px;\">\n\t\t\t\t<div class=\"icon-box-text last-reset\">\n\t\t\t\t\t\t\t\t\t\n\n<h3>Kolay Kullan\u0131m<\/h3>\n<p>Bilgisayarlar\u0131n\u0131zda,t\u00fcm Android ve Ios Mobil cihazlar\u0131n\u0131zda h\u0131zl\u0131 ve kolay kullan\u0131m aray\u00fcz\u00fc ile i\u015flerinizi h\u0131zland\u0131r\u0131n.Tamamen i\u015fletmenize \u00f6zel teklif aray\u00fcz\u00fc ile promo fatura g\u00f6nderin<\/p>\n\n\t\t<\/div>\n\t<\/div>\n\t\n\t\n\n\t\t<\/div>\n\t\t\t\t\t<\/div>\n\n\t\n\n\t<div id=\"col-1726832810\" class=\"col medium-4 small-12 large-4\"  >\n\t\t\t\t<div class=\"col-inner\"  >\n\t\t\t\n\t\t\t\n\n<h3>Limitsiz Hesap A\u00e7ma<\/h3>\n<p>T\u00fcm \u015firket \u00e7al\u0131\u015fanlar\u0131n\u0131za hesap a\u00e7abilir ve yetkilendirme verebilirsiniz.\u00c7al\u0131\u015fanlar\u0131n\u0131z\u0131 ve m\u00fc\u015fterilerinizi kolayca y\u00f6netin , i\u015flerinizi tek panelden takip edin.<\/p>\n\n\t\t<\/div>\n\t\t\t\t\t<\/div>\n\n\t\n\n\t<div id=\"col-1299665255\" class=\"col medium-4 small-12 large-4\"  >\n\t\t\t\t<div class=\"col-inner\"  >\n\t\t\t\n\t\t\t\n\n<h3>Limitsiz \u00dcr\u00fcn&amp;M\u00fc\u015fteri Ekleme<\/h3>\n<p>\u00dcr\u00fcnlerinizi ve m\u00fc\u015fterilerinizi limitsiz h\u0131zl\u0131 \u015fekilde ekleyin kolay teklif aray\u00fcz\u00fc ile h\u0131zl\u0131 teklif olu\u015fturun.Hat\u0131rlat\u0131c\u0131 Alarm Sistemi ile i\u015flerinizi planlay\u0131n.<\/p>\n\n\t\t<\/div>\n\t\t\t\t\t<\/div>\n\n\t\n\n<\/div>\n\n\t\t<\/div>\n\n\t\t\n<style>\n#section_1251013588 {\n  padding-top: 27px;\n  padding-bottom: 27px;\n  background-color: rgb(255, 179, 0);\n}\n<\/style>\n\t<\/section>\n\t\n\n  <div class=\"banner has-hover\" id=\"banner-263648127\">\n          <div class=\"banner-inner fill\">\n        <div class=\"banner-bg fill\" >\n                                                \n                    <\/div>\n\t\t\n        <div class=\"banner-layers container\">\n            <div class=\"fill banner-link\"><\/div>            \n\n   <div id=\"text-box-1842962310\" class=\"text-box banner-layer x50 md-x50 lg-x50 y50 md-y50 lg-y50 res-text\">\n                                <div class=\"text-box-content text \">\n              \n              <div class=\"text-inner text-center\">\n                  \n\n<h3>\u00a0<\/h3>\n<h3 class=\"uppercase\"><span style=\"color: #ffffff;\"><b>uZUN s\u00dcREN ARGE S\u00dcREC\u0130<\/b><\/span><\/h3>\n<h3><span style=\"color: #ffffff; font-size: 75%;\">T\u00fcm sekt\u00f6rlere hitap eden <strong>Nexim Kolay \u0130\u015f Y\u00f6netim Teknolojisi<\/strong> , sat\u0131\u015f ve verim odakl\u0131 \u00e7al\u0131\u015fma i\u00e7in geli\u015ftirilen yapay zeka ile desteklenmi\u015f son teknoloji yaz\u0131l\u0131m\u0131d\u0131r. <strong>Nexim<\/strong>, i\u015fletmenize g\u00f6re \u00f6zelle\u015ftirilebilen teknolojisi ile kendinize \u00f6zg\u00fcn bir yaz\u0131l\u0131m sa\u011flar. Uluslararas\u0131 standartlara g\u00f6re efektif olarak tasarland\u0131. Ofisinizden bilgisayarlar\u0131n\u0131zdan, heryerden mobil cihazlar\u0131n\u0131zdan i\u015fletmenizi y\u00f6netebilir, sat\u0131\u015flar\u0131n\u0131z\u0131 ve kar marj\u0131n\u0131z\u0131 \u00e7ok y\u00fcksek oranlarda art\u0131rabilirsiniz.Bulut tabanl\u0131 yapay zeka veri y\u00f6netim sistemi ile \u00e7al\u0131\u015fanlar\u0131n\u0131z ve siz anl\u0131k olarak geli\u015fmeleri takip edebilirsiniz. M\u00fc\u015fterilerinize \u00fcr\u00fcnlerinizi canl\u0131 sunarken de <strong>Nexim Teknolojisi<\/strong> ile an\u0131nda sipari\u015f olu\u015fturabilirsiniz. Yurti\u00e7i ve yurtd\u0131\u015f\u0131 m\u00fc\u015fterileriniz i\u00e7in dil engeli olmadan an\u0131nda sunum ve teklifle sat\u0131\u015flar\u0131n\u0131z\u0131 katlayabilir, m\u00fc\u015fterilerinize h\u0131zl\u0131 d\u00f6n\u00fc\u015f sa\u011flayabilirsiniz. Bu teknolojimizi tablet,telefon,bilgisayarlar\u0131n\u0131zdan sunum yaparken de kullanarak etkin sunumlarla an\u0131nda m\u00fc\u015fteri ziyaretinde iken an\u0131nda teklif olu\u015fturabilirsiniz.<\/span><\/h3>\n<p>\u00a0<\/p>\n\n              <\/div>\n           <\/div>\n                            \n<style>\n#text-box-1842962310 {\n  width: 100%;\n}\n#text-box-1842962310 .text-box-content {\n  font-size: 100%;\n}\n@media (min-width:550px) {\n  #text-box-1842962310 {\n    width: 100%;\n  }\n}\n<\/style>\n    <\/div>\n \n\n        <\/div>\n      <\/div>\n\n            \n<style>\n#banner-263648127 {\n  padding-top: 800px;\n  background-color: rgb(0, 42, 200);\n}\n#banner-263648127 .banner-bg img {\n  object-position: 26% 17%;\n}\n@media (min-width:550px) {\n  #banner-263648127 {\n    padding-top: 550px;\n  }\n}\n<\/style>\n  <\/div>\n\n\n\t<div id=\"text-2813887571\" class=\"text\">\n\t\t\n\n<h3>\u00a0<\/h3>\n<h3 style=\"text-align: center;\"><strong style=\"color: #ffb700; font-size: 170%;\">T\u00fcm Y\u00f6netim Tek Panelde<\/strong><\/h3>\n<p style=\"text-align: center;\"><strong>Nexim<\/strong> ile i\u015fletmenizin sat\u0131\u015fa ve verime odakl\u0131 t\u00fcm teknolojisi tek panelde birle\u015fti. Yapay Zeka destekli istatistik ,g\u00f6revlendirme, sat\u0131\u015f takip, koordinasyon, finansal takip y\u00f6netimlerini cebinizden y\u00f6netin. Zaman ve \u00e7al\u0131\u015fan y\u00f6netimlerinizi maksimum performansla takip edin, sat\u0131\u015flar\u0131n\u0131z\u0131 art\u0131r\u0131rken, giderlerinizden de tasarruf edin.<\/p>\n<h3 style=\"text-align: center;\"><img loading=\"lazy\" decoding=\"async\" class=\"wp-image-76 aligncenter\" src=\"http:\/\/nexim.com.tr\/wp-content\/uploads\/2025\/01\/m-9.png\" alt=\"\" width=\"344\" height=\"612\" srcset=\"https:\/\/nexim.com.tr\/wp-content\/uploads\/2025\/01\/m-9.png 1080w, https:\/\/nexim.com.tr\/wp-content\/uploads\/2025\/01\/m-9-169x300.png 169w, https:\/\/nexim.com.tr\/wp-content\/uploads\/2025\/01\/m-9-576x1024.png 576w, https:\/\/nexim.com.tr\/wp-content\/uploads\/2025\/01\/m-9-768x1365.png 768w, https:\/\/nexim.com.tr\/wp-content\/uploads\/2025\/01\/m-9-864x1536.png 864w, https:\/\/nexim.com.tr\/wp-content\/uploads\/2025\/01\/m-9-600x1067.png 600w\" sizes=\"auto, (max-width: 344px) 100vw, 344px\" \/><\/h3>\n\t\t\n<style>\n#text-2813887571 {\n  text-align: center;\n}\n<\/style>\n\t<\/div>\n\t\n\n  <div class=\"banner has-hover has-parallax\" id=\"banner-917736559\">\n          <div class=\"banner-inner fill\">\n        <div class=\"banner-bg fill\" data-parallax=\"-1\" data-parallax-container=\".banner\" data-parallax-background>\n                                                \n                    <\/div>\n\t\t\n        <div class=\"banner-layers container\">\n            <div class=\"fill banner-link\"><\/div>            \n\n   <div id=\"text-box-404205356\" class=\"text-box banner-layer x50 md-x50 lg-x50 y50 md-y50 lg-y50 res-text\">\n                                <div class=\"text-box-content text \">\n              \n              <div class=\"text-inner text-center\">\n                  \n\n\t<div class=\"img has-hover x md-x lg-x y md-y lg-y\" id=\"image_1443020639\">\n\t\t\t\t\t\t\t\t<div class=\"img-inner dark\" >\n\t\t\t<img loading=\"lazy\" decoding=\"async\" width=\"1080\" height=\"824\" src=\"https:\/\/nexim.com.tr\/wp-content\/uploads\/2025\/01\/m-1-1.png\" class=\"attachment-original size-original\" alt=\"\" srcset=\"https:\/\/nexim.com.tr\/wp-content\/uploads\/2025\/01\/m-1-1.png 1080w, https:\/\/nexim.com.tr\/wp-content\/uploads\/2025\/01\/m-1-1-300x229.png 300w, https:\/\/nexim.com.tr\/wp-content\/uploads\/2025\/01\/m-1-1-1024x781.png 1024w, https:\/\/nexim.com.tr\/wp-content\/uploads\/2025\/01\/m-1-1-768x586.png 768w, https:\/\/nexim.com.tr\/wp-content\/uploads\/2025\/01\/m-1-1-600x458.png 600w\" sizes=\"auto, (max-width: 1080px) 100vw, 1080px\" \/>\t\t\t\t\t\t\n\t\t\t\t\t<\/div>\n\t\t\t\t\t\t\t\t\n<style>\n#image_1443020639 {\n  width: 13%;\n}\n<\/style>\n\t<\/div>\n\t\n\n\t<div id=\"text-3816414553\" class=\"text\">\n\t\t\n\n<h3 class=\"uppercase\"><strong>Hat\u0131rlat\u0131c\u0131 alarm Sistemi<\/strong><\/h3>\n<h4>Bekleyen, verilen ve onaylanan tekliflerinizi takip edin, hi\u00e7birini unutmadan, ertelemeden ve zorluk ya\u015famadan tek panelden takip edin. \u0130lgili \u00e7al\u0131\u015fan(lar)\u0131n\u0131za g\u00f6rev atayarak hat\u0131rlat\u0131c\u0131lar\u0131 \u00e7al\u0131\u015fanlar\u0131n\u0131za da atay\u0131n. Bu teknoloji ile art\u0131k \u00e7al\u0131\u015fanlar\u0131n\u0131z daha h\u0131zl\u0131 ve verimli geri d\u00f6n\u00fc\u015fler sa\u011flayacakt\u0131r. Tek ki\u015filik dev kadro olarak ta sat\u0131\u015flar\u0131n\u0131z\u0131 h\u0131zl\u0131 \u015fekilde koordine edebilirsiniz.<\/h4>\n\t\t\n<style>\n#text-3816414553 {\n  color: rgb(249, 249, 249);\n}\n#text-3816414553 > * {\n  color: rgb(249, 249, 249);\n}\n<\/style>\n\t<\/div>\n\t\n\n              <\/div>\n           <\/div>\n                            \n<style>\n#text-box-404205356 {\n  width: 97%;\n}\n#text-box-404205356 .text-box-content {\n  font-size: 100%;\n}\n@media (min-width:550px) {\n  #text-box-404205356 {\n    width: 98%;\n  }\n}\n<\/style>\n    <\/div>\n \n\n        <\/div>\n      <\/div>\n\n            \n<style>\n#banner-917736559 {\n  padding-top: 437px;\n  background-color: rgb(255, 166, 0);\n}\n#banner-917736559 .banner-bg img {\n  object-position: 26% 17%;\n}\n@media (min-width:550px) {\n  #banner-917736559 {\n    padding-top: 400px;\n  }\n}\n<\/style>\n  <\/div>\n\n\n\t<div id=\"text-1673488881\" class=\"text\">\n\t\t\n\n<h3>\u00a0<\/h3>\n<h3 class=\"uppercase\" style=\"text-align: center;\"><span style=\"color: #ff9900;\"><strong>global haritaland\u0131rma<\/strong><\/span><\/h3>\n<h4 style=\"text-align: center;\"><span style=\"color: #333333;\">\u00c7al\u0131\u015ft\u0131\u011f\u0131n\u0131z m\u00fc\u015fterilerinizi, hedef m\u00fc\u015fteri kitlenizi d\u00fcnya haritas\u0131 \u00fczerinden farkl\u0131 baloncuk renkleri ile g\u00f6r\u00fcn, raporlama yap\u0131n.\u00a0<\/span><\/h4>\n<h3 class=\"uppercase\" style=\"text-align: center;\"><strong><img loading=\"lazy\" decoding=\"async\" class=\"alignnone  wp-image-46\" src=\"http:\/\/nexim.com.tr\/wp-content\/uploads\/2025\/01\/m-2-1.png\" alt=\"\" width=\"318\" height=\"565\" srcset=\"https:\/\/nexim.com.tr\/wp-content\/uploads\/2025\/01\/m-2-1.png 1080w, https:\/\/nexim.com.tr\/wp-content\/uploads\/2025\/01\/m-2-1-169x300.png 169w, https:\/\/nexim.com.tr\/wp-content\/uploads\/2025\/01\/m-2-1-576x1024.png 576w, https:\/\/nexim.com.tr\/wp-content\/uploads\/2025\/01\/m-2-1-768x1365.png 768w, https:\/\/nexim.com.tr\/wp-content\/uploads\/2025\/01\/m-2-1-864x1536.png 864w, https:\/\/nexim.com.tr\/wp-content\/uploads\/2025\/01\/m-2-1-600x1067.png 600w\" sizes=\"auto, (max-width: 318px) 100vw, 318px\" \/><\/strong><\/h3>\n\t\t\n<style>\n#text-1673488881 {\n  color: rgb(253, 253, 253);\n}\n#text-1673488881 > * {\n  color: rgb(253, 253, 253);\n}\n<\/style>\n\t<\/div>\n\t\n\t<div id=\"text-844755361\" class=\"text\">\n\t\t\n\n<h3>\u00a0<\/h3>\n<h3 class=\"uppercase\" style=\"text-align: center;\"><span style=\"color: #ff9900;\"><strong>H\u0131zl\u0131 \u00dcr\u00fcn, M\u00fc\u015fteri ve Ekip ekle<\/strong><\/span><\/h3>\n<h4 style=\"text-align: center;\"><span style=\"color: #333333;\">\u00dcr\u00fcnlerinizi,m\u00fc\u015fterilerinizi ve ekibinizi h\u0131zl\u0131 ve kolay ekleyin, tek panelden y\u00f6netin.Dilerseniz t\u00fcm\u00fcn\u00fc toplu olarak excell ile ekleyin.<\/span><\/h4>\n<h3 class=\"uppercase\" style=\"text-align: center;\"><strong><img loading=\"lazy\" decoding=\"async\" class=\"wp-image-58 aligncenter\" src=\"http:\/\/nexim.com.tr\/wp-content\/uploads\/2025\/01\/m-3.png\" alt=\"\" width=\"322\" height=\"572\" srcset=\"https:\/\/nexim.com.tr\/wp-content\/uploads\/2025\/01\/m-3.png 1080w, https:\/\/nexim.com.tr\/wp-content\/uploads\/2025\/01\/m-3-169x300.png 169w, https:\/\/nexim.com.tr\/wp-content\/uploads\/2025\/01\/m-3-576x1024.png 576w, https:\/\/nexim.com.tr\/wp-content\/uploads\/2025\/01\/m-3-768x1365.png 768w, https:\/\/nexim.com.tr\/wp-content\/uploads\/2025\/01\/m-3-864x1536.png 864w, https:\/\/nexim.com.tr\/wp-content\/uploads\/2025\/01\/m-3-600x1067.png 600w\" sizes=\"auto, (max-width: 322px) 100vw, 322px\" \/><\/strong><\/h3>\n\t\t\n<style>\n#text-844755361 {\n  color: rgb(253, 253, 253);\n}\n#text-844755361 > * {\n  color: rgb(253, 253, 253);\n}\n<\/style>\n\t<\/div>\n\t\n\t<div id=\"text-2167906629\" class=\"text\">\n\t\t\n\n<p><span style=\"font-size: 14.4px;\">\u00a0<\/span><\/p>\n<h1 style=\"text-align: center;\"><span style=\"color: #ff9900;\"><strong>30 SAN\u0130YEDE\u00a0<\/strong><\/span><\/h1>\n<h3 class=\"uppercase\" style=\"text-align: center;\"><span style=\"color: #ff9900;\"><strong>H\u0131zl\u0131 teklif olu\u015ftur an\u0131nda payla\u015f<\/strong><\/span><\/h3>\n<h4 style=\"text-align: center;\"><span style=\"color: #333333;\">Se\u00e7ili m\u00fc\u015fterinizin talep etti\u011fi \u00fcr\u00fcn veya hizmeti ekleyin,\u00f6zel indirimler olu\u015fturun,hat\u0131rlat\u0131c\u0131 alarm ekleyin ekibinizle payla\u015f\u0131n.<\/span><\/h4>\n<p><img loading=\"lazy\" decoding=\"async\" class=\"size-full wp-image-68 aligncenter\" style=\"font-size: 14.4px;\" src=\"http:\/\/nexim.com.tr\/wp-content\/uploads\/2025\/01\/Adsiz-900-x-1200-piksel-2.png\" alt=\"\" width=\"900\" height=\"828\" srcset=\"https:\/\/nexim.com.tr\/wp-content\/uploads\/2025\/01\/Adsiz-900-x-1200-piksel-2.png 900w, https:\/\/nexim.com.tr\/wp-content\/uploads\/2025\/01\/Adsiz-900-x-1200-piksel-2-300x276.png 300w, https:\/\/nexim.com.tr\/wp-content\/uploads\/2025\/01\/Adsiz-900-x-1200-piksel-2-768x707.png 768w, https:\/\/nexim.com.tr\/wp-content\/uploads\/2025\/01\/Adsiz-900-x-1200-piksel-2-600x552.png 600w\" sizes=\"auto, (max-width: 900px) 100vw, 900px\" \/><\/p>\n<p><img loading=\"lazy\" decoding=\"async\" class=\"size-full wp-image-67 aligncenter\" style=\"color: #555555; font-size: 14.4px;\" src=\"http:\/\/nexim.com.tr\/wp-content\/uploads\/2025\/01\/Adsiz-900-x-1200-piksel-1-1.png\" alt=\"\" width=\"900\" height=\"849\" srcset=\"https:\/\/nexim.com.tr\/wp-content\/uploads\/2025\/01\/Adsiz-900-x-1200-piksel-1-1.png 900w, https:\/\/nexim.com.tr\/wp-content\/uploads\/2025\/01\/Adsiz-900-x-1200-piksel-1-1-300x283.png 300w, https:\/\/nexim.com.tr\/wp-content\/uploads\/2025\/01\/Adsiz-900-x-1200-piksel-1-1-768x724.png 768w, https:\/\/nexim.com.tr\/wp-content\/uploads\/2025\/01\/Adsiz-900-x-1200-piksel-1-1-600x566.png 600w\" sizes=\"auto, (max-width: 900px) 100vw, 900px\" \/><\/p>\n\t\t\n<style>\n#text-2167906629 {\n  color: rgb(253, 253, 253);\n}\n#text-2167906629 > * {\n  color: rgb(253, 253, 253);\n}\n<\/style>\n\t<\/div>\n\t\n<h2 style=\"text-align: center;\" data-sourcepos=\"1:1-1:37\"><span style=\"color: #ff9900;\"><strong>Nexim ile \u0130\u015finizi Zirveye Ta\u015f\u0131y\u0131n!<\/strong><\/span><\/h2>\n<p data-sourcepos=\"3:1-3:45\"><span style=\"color: #ff9900;\"><strong>Yapay Zeka G\u00fcc\u00fcnde, \u0130\u015finize \u00d6zel \u00c7\u00f6z\u00fcmler<\/strong><\/span><\/p>\n<p data-sourcepos=\"5:1-5:256\">Nexim, t\u00fcm sekt\u00f6rlerin ihtiya\u00e7lar\u0131na cevap veren, sat\u0131\u015f ve verimlilik odakl\u0131, yapay zeka destekli bir i\u015f y\u00f6netim teknolojisidir. \u0130\u015fletmenizin b\u00fcy\u00fcmesine ve karl\u0131l\u0131\u011f\u0131n\u0131za do\u011frudan katk\u0131 sa\u011flayan Nexim, size \u00f6zel olarak tasarlanan bir yaz\u0131l\u0131m deneyimi sunar.<\/p>\n<p data-sourcepos=\"7:1-7:16\"><span style=\"color: #ff9900;\"><strong>Neden Nexim?<\/strong><\/span><\/p>\n<ul data-sourcepos=\"9:1-16:0\">\n<li data-sourcepos=\"9:1-9:118\"><strong>\u00d6zelle\u015ftirilebilir Teknoloji:<\/strong> \u0130\u015fletmenizin unique ihtiya\u00e7lar\u0131na g\u00f6re \u015fekillenen, size \u00f6zel bir yaz\u0131l\u0131m deneyimi.<\/li>\n<li data-sourcepos=\"10:1-10:103\"><strong>Uluslararas\u0131 Standartlar:<\/strong> K\u00fcresel i\u015f d\u00fcnyas\u0131n\u0131n beklentilerine uygun, etkin ve verimli bir \u00e7\u00f6z\u00fcm.<\/li>\n<li data-sourcepos=\"11:1-11:94\"><strong>Her Yerden Eri\u015fim:<\/strong> Bilgisayar, tablet veya telefonunuzdan i\u015finizi y\u00f6netebilme \u00f6zg\u00fcrl\u00fc\u011f\u00fc.<\/li>\n<li data-sourcepos=\"12:1-12:94\"><strong>Bulut Tabanl\u0131 Veri Y\u00f6netimi:<\/strong> Anl\u0131k bilgiye eri\u015fim ve t\u00fcm ekibin ayn\u0131 anda \u00e7al\u0131\u015fabilmesi.<\/li>\n<li data-sourcepos=\"13:1-13:89\"><strong>Yapay Zeka Deste\u011fi:<\/strong> Ak\u0131ll\u0131 \u00f6neriler ve otomasyonlarla daha h\u0131zl\u0131 ve do\u011fru kararlar.<\/li>\n<li data-sourcepos=\"14:1-14:158\"><strong>H\u0131zl\u0131 Sat\u0131\u015f ve Y\u00fcksek Kar Marj\u0131:<\/strong> M\u00fc\u015fterilerinize canl\u0131 \u00fcr\u00fcn sunumlar\u0131, an\u0131nda teklif olu\u015fturma ve dil engelini a\u015fan ileti\u015fim ile sat\u0131\u015flar\u0131n\u0131z\u0131 katlay\u0131n.<\/li>\n<li data-sourcepos=\"15:1-16:0\"><strong>Mobil Uygulama ile Etkin Sunumlar:<\/strong> Her an her yerde m\u00fc\u015fteri ziyaretlerinizde etkileyici sunumlar yapabilir ve an\u0131nda teklif olu\u015fturabilirsiniz.<\/li>\n<\/ul>\n<p data-sourcepos=\"17:1-17:33\"><span style=\"color: #ff9900;\"><strong>Nexim ile Neler Kazan\u0131rs\u0131n\u0131z?<\/strong><\/span><\/p>\n<ul data-sourcepos=\"19:1-23:0\">\n<li data-sourcepos=\"19:1-19:91\"><strong>Art\u0131r\u0131lm\u0131\u015f Verimlilik:<\/strong> Otomasyon ve ak\u0131ll\u0131 i\u015f ak\u0131\u015flar\u0131 ile zaman ve kaynak tasarrufu.<\/li>\n<li data-sourcepos=\"20:1-20:109\"><strong>Daha \u0130yi Kararlar:<\/strong> Veriye dayal\u0131 analizler ve yapay zeka destekli \u00f6ng\u00f6r\u00fclerle daha do\u011fru kararlar al\u0131n.<\/li>\n<li data-sourcepos=\"21:1-21:93\"><strong>M\u00fc\u015fteri Memnuniyeti:<\/strong> H\u0131zl\u0131 ve ki\u015fiselle\u015ftirilmi\u015f hizmet ile m\u00fc\u015fteri sadakatini art\u0131r\u0131n.<\/li>\n<li data-sourcepos=\"22:1-23:0\"><strong>Rekabette \u00d6ne Ge\u00e7me:<\/strong> Dijital d\u00f6n\u00fc\u015f\u00fcm ile sekt\u00f6r\u00fcn\u00fczde fark olu\u015fturun.<\/li>\n<\/ul>\n<p data-sourcepos=\"24:1-24:60\"><span style=\"color: #ff9900;\"><strong>Nexim, i\u015finizi kolayla\u015ft\u0131r\u0131r, b\u00fcy\u00fct\u00fcr ve gelece\u011fe ta\u015f\u0131r.<\/strong><\/span><\/p>\n<p data-sourcepos=\"26:1-26:58\"><span style=\"color: #ff9900;\"><strong>Hemen ileti\u015fime ge\u00e7in ve i\u015finizi Nexim ile tan\u0131\u015ft\u0131r\u0131n!<\/strong><\/span><\/p>\n\n  <div class=\"banner has-hover\" id=\"banner-1567803848\">\n          <div class=\"banner-inner fill\">\n        <div class=\"banner-bg fill\" >\n                                                \n                    <\/div>\n\t\t\n        <div class=\"banner-layers container\">\n            <div class=\"fill banner-link\"><\/div>            \n\n   <div id=\"text-box-1617995129\" class=\"text-box banner-layer x50 md-x50 lg-x50 y50 md-y50 lg-y50 res-text\">\n                                <div class=\"text-box-content text dark\">\n              \n              <div class=\"text-inner text-center\">\n                  \n\n<a class=\"button secondary is-large\"  style=\"border-radius:9px;\">\n\t\t<span>demo talep<\/span>\n\t<\/a>\n\n\n<a href=\"https:\/\/nexim.com.tr\/index.php\/product\/nexim-kolay-is-teknolojisi-b1-0\/\" class=\"button primary is-large\"  style=\"border-radius:9px;\">\n\t\t<span>sat\u0131n al<\/span>\n\t<\/a>\n\n\n\n              <\/div>\n           <\/div>\n                            \n<style>\n#text-box-1617995129 {\n  width: 89%;\n}\n#text-box-1617995129 .text-box-content {\n  font-size: 100%;\n}\n@media (min-width:550px) {\n  #text-box-1617995129 {\n    width: 32%;\n  }\n}\n<\/style>\n    <\/div>\n \n\n        <\/div>\n      <\/div>\n\n            \n<style>\n#banner-1567803848 {\n  padding-top: 100px;\n  background-color: rgb(247, 247, 247);\n}\n<\/style>\n  <\/div>\n\n","protected":false},"excerpt":{"rendered":"","protected":false},"author":1,"featured_media":0,"parent":0,"menu_order":0,"comment_status":"closed","ping_status":"closed","template":"page-transparent-header.php","meta":{"footnotes":""},"class_list":["post-23","page","type-page","status-publish","hentry"],"_links":{"self":[{"href":"https:\/\/nexim.com.tr\/index.php\/wp-json\/wp\/v2\/pages\/23","targetHints":{"allow":["GET"]}}],"collection":[{"href":"https:\/\/nexim.com.tr\/index.php\/wp-json\/wp\/v2\/pages"}],"about":[{"href":"https:\/\/nexim.com.tr\/index.php\/wp-json\/wp\/v2\/types\/page"}],"author":[{"embeddable":true,"href":"https:\/\/nexim.com.tr\/index.php\/wp-json\/wp\/v2\/users\/1"}],"replies":[{"embeddable":true,"href":"https:\/\/nexim.com.tr\/index.php\/wp-json\/wp\/v2\/comments?post=23"}],"version-history":[{"count":70,"href":"https:\/\/nexim.com.tr\/index.php\/wp-json\/wp\/v2\/pages\/23\/revisions"}],"predecessor-version":[{"id":241,"href":"https:\/\/nexim.com.tr\/index.php\/wp-json\/wp\/v2\/pages\/23\/revisions\/241"}],"wp:attachment":[{"href":"https:\/\/nexim.com.tr\/index.php\/wp-json\/wp\/v2\/media?parent=23"}],"curies":[{"name":"wp","href":"https:\/\/api.w.org\/{rel}","templated":true}]}}