{"id":146,"date":"2024-08-09T19:12:13","date_gmt":"2024-08-09T16:12:13","guid":{"rendered":"http:\/\/bimesis.com.tr\/?page_id=114"},"modified":"2025-01-30T10:21:16","modified_gmt":"2025-01-30T07:21:16","slug":"pazarlama-cozumleri","status":"publish","type":"page","link":"https:\/\/nexim.com.tr\/index.php\/pazarlama-cozumleri\/","title":{"rendered":"PAZARLAMA \u00c7\u00d6Z\u00dcMLER\u0130"},"content":{"rendered":"\t<div class=\"img has-hover x md-x lg-x y md-y lg-y\" id=\"image_271350106\">\n\t\t\t\t\t\t\t\t<div class=\"img-inner dark\" >\n\t\t\t<img loading=\"lazy\" decoding=\"async\" width=\"1100\" height=\"450\" src=\"https:\/\/nexim.com.tr\/wp-content\/uploads\/2024\/08\/Adsiz-tasarim-15.png\" class=\"attachment-original size-original\" alt=\"\" srcset=\"https:\/\/nexim.com.tr\/wp-content\/uploads\/2024\/08\/Adsiz-tasarim-15.png 1100w, https:\/\/nexim.com.tr\/wp-content\/uploads\/2024\/08\/Adsiz-tasarim-15-300x123.png 300w, https:\/\/nexim.com.tr\/wp-content\/uploads\/2024\/08\/Adsiz-tasarim-15-1024x419.png 1024w, https:\/\/nexim.com.tr\/wp-content\/uploads\/2024\/08\/Adsiz-tasarim-15-768x314.png 768w, https:\/\/nexim.com.tr\/wp-content\/uploads\/2024\/08\/Adsiz-tasarim-15-600x245.png 600w\" sizes=\"auto, (max-width: 1100px) 100vw, 1100px\" \/>\t\t\t\t\t\t\n\t\t\t\t\t<\/div>\n\t\t\t\t\t\t\t\t\n<style>\n#image_271350106 {\n  width: 100%;\n}\n<\/style>\n\t<\/div>\n\t\n\n\t<div id=\"gap-1452466034\" class=\"gap-element clearfix\" style=\"display:block; height:auto;\">\n\t\t\n<style>\n#gap-1452466034 {\n  padding-top: 15px;\n}\n<\/style>\n\t<\/div>\n\t\n\n<a href=\"https:\/\/nexim.com.tr\/index.php\/ana-sayfa\/\" class=\"button primary expand\"  style=\"border-radius:10px;\">\n\t\t<span>Sat\u0131\u015f ve H\u0131zl\u0131 Teklif Y\u00f6netim Teknolojimizi \u0130nceleyin<\/span>\n\t<i class=\"icon-angle-right\" aria-hidden=\"true\" ><\/i><\/a>\n\n\n<h2 class=\"\" data-sourcepos=\"1:1-1:53\"><strong>Yapay Zeka \u0130le Pazarlaman\u0131z\u0131 Zirveye Ta\u015f\u0131yoruz<\/strong><\/h2>\n<p data-sourcepos=\"3:1-3:72\"><strong>Veriye Dayal\u0131 Stratejilerle Gelece\u011fin Pazarlamas\u0131n\u0131 Bug\u00fcnden Ya\u015fay\u0131n<\/strong><\/p>\n<p data-sourcepos=\"5:1-5:315\">G\u00fcn\u00fcm\u00fczde pazarlama, sadece \u00fcr\u00fcn veya hizmet satmaktan \u00e7ok daha fazlas\u0131. M\u00fc\u015fteri deneyimini ki\u015fiselle\u015ftirmek, do\u011fru hedef kitleye ula\u015fmak ve rekabette \u00f6ne \u00e7\u0131kmak i\u00e7in ak\u0131ll\u0131 ve veriye dayal\u0131 stratejilere ihtiya\u00e7 var. <strong>Nexim<\/strong>, yapay zeka teknolojileri sayesinde pazarlama s\u00fcre\u00e7lerinizi optimize ediyor ve i\u015fletmenizin b\u00fcy\u00fcmesine katk\u0131 sa\u011fl\u0131yor.<\/p>\n<p data-sourcepos=\"7:1-7:14\"><strong>Neden Biz?<\/strong><\/p>\n<ul data-sourcepos=\"9:1-11:149\">\n<li data-sourcepos=\"9:1-9:168\"><strong>Kapsaml\u0131 Analiz:<\/strong> \u015eirketinizin g\u00fc\u00e7l\u00fc ve zay\u0131f y\u00f6nlerini, rakiplerinizi ve pazar trendlerini detayl\u0131 bir \u015fekilde analiz ederek size \u00f6zel bir strateji olu\u015fturuyoruz.<\/li>\n<li data-sourcepos=\"10:1-10:113\"><strong>Hedef Odakl\u0131 \u00c7\u00f6z\u00fcmler:<\/strong> Belirledi\u011finiz hedeflere ula\u015fman\u0131z i\u00e7in en uygun pazarlama taktiklerini uyguluyoruz.<\/li>\n<li data-sourcepos=\"11:1-11:149\"><strong>Yapay Zeka Destekli Optimizasyon:<\/strong> Yapay zeka algoritmalar\u0131 sayesinde pazarlama kampanyalar\u0131n\u0131z\u0131 s\u00fcrekli olarak optimize ediyor ve en y\u00fcksek verimi alman\u0131za yard\u0131mc\u0131 oluyoruz.<\/li>\n<li data-sourcepos=\"12:1-12:135\"><strong>Ki\u015fiselle\u015ftirilmi\u015f M\u00fc\u015fteri Deneyimi:<\/strong> M\u00fc\u015fterilerinizin davran\u0131\u015flar\u0131n\u0131 analiz ederek, onlara \u00f6zel i\u00e7erikler ve teklifler sunuyoruz.<\/li>\n<li data-sourcepos=\"13:1-14:0\"><strong>\u00d6l\u00e7\u00fclebilir Sonu\u00e7lar:<\/strong> Pazarlama \u00e7al\u0131\u015fmalar\u0131n\u0131z\u0131n etkinli\u011fini \u00f6l\u00e7erek, yat\u0131r\u0131m\u0131n\u0131z\u0131n geri d\u00f6n\u00fc\u015f\u00fcn\u00fc en \u00fcst d\u00fczeye \u00e7\u0131kar\u0131yoruz.<\/li>\n<\/ul>\n<p data-sourcepos=\"15:1-15:18\"><strong>Hizmetlerimiz:<\/strong><\/p>\n<ul data-sourcepos=\"17:1-20:126\">\n<li data-sourcepos=\"17:1-17:143\"><strong>Pazar Ara\u015ft\u0131rmas\u0131 ve Analiz:<\/strong> Sekt\u00f6r\u00fcn\u00fcz\u00fc ve hedef kitlenizi derinlemesine analiz ederek size \u00f6zel bir pazarlama stratejisi olu\u015fturuyoruz.<\/li>\n<li data-sourcepos=\"18:1-18:139\"><strong>Marka Stratejisi:<\/strong> Markan\u0131z\u0131n bilinirli\u011fini art\u0131rmak ve m\u00fc\u015fteri sadakatini g\u00fc\u00e7lendirmek i\u00e7in etkili marka stratejileri geli\u015ftiriyoruz.<\/li>\n<li data-sourcepos=\"19:1-19:155\"><strong>Sosyal Medya Y\u00f6netimi:<\/strong> Sosyal medya platformlar\u0131nda aktif olarak yer alarak, hedef kitlenizle etkile\u015fim kuruyor ve marka bilinirli\u011finizi art\u0131r\u0131yoruz.<\/li>\n<li data-sourcepos=\"20:1-20:126\"><strong>\u0130\u00e7erik Pazarlamas\u0131:<\/strong> Blog yaz\u0131lar\u0131, e-kitaplar, infografikler gibi i\u00e7erikler \u00fcreterek, hedef kitlenizi bilgilendirerek ve etkile\u015fimde bulunarak potansiyel m\u00fc\u015fterilere d\u00f6n\u00fc\u015ft\u00fcrme s\u00fcrecinizi destekliyoruz.<\/li>\n<li data-sourcepos=\"21:1-21:125\"><strong>SEO ve SEM:<\/strong> Arama motorlar\u0131nda \u00fcst s\u0131ralarda yer alarak, potansiyel m\u00fc\u015fterilerin size daha kolay ula\u015fmas\u0131n\u0131 sa\u011fl\u0131yoruz.<\/li>\n<li data-sourcepos=\"22:1-22:136\"><strong>E-posta Pazarlamas\u0131:<\/strong> Ki\u015fiselle\u015ftirilmi\u015f e-posta kampanyalar\u0131yla m\u00fc\u015fteri ili\u015fkilerinizi g\u00fc\u00e7lendiriyor ve sat\u0131\u015flar\u0131n\u0131z\u0131 art\u0131r\u0131yoruz.<\/li>\n<li data-sourcepos=\"23:1-24:0\"><strong>\u00c7evrimi\u00e7i Reklamc\u0131l\u0131k:<\/strong> Google Ads, Facebook Ads gibi platformlarda etkili reklam kampanyalar\u0131 olu\u015fturarak hedef kitlenize ula\u015fman\u0131z\u0131 sa\u011fl\u0131yoruz.<\/li>\n<\/ul>\n<p data-sourcepos=\"25:1-25:33\"><strong>Neden Bizimle \u00c7al\u0131\u015fmal\u0131s\u0131n\u0131z?<\/strong><\/p>\n<ul data-sourcepos=\"27:1-30:19\">\n<li data-sourcepos=\"27:1-27:116\"><strong>Deneyimli Ekip:<\/strong> Pazarlama alan\u0131nda uzmanla\u015fm\u0131\u015f deneyimli ekibimizle, i\u015fletmenizin b\u00fcy\u00fcmesine katk\u0131 sa\u011fl\u0131yoruz.<\/li>\n<li data-sourcepos=\"28:1-28:143\"><strong>G\u00fcncel Teknolojiler:<\/strong> Yapay zeka, b\u00fcy\u00fck veri analiti\u011fi gibi en son teknolojileri kullanarak, pazarlama \u00e7al\u0131\u015fmalar\u0131n\u0131z\u0131 gelece\u011fe ta\u015f\u0131yoruz.<\/li>\n<li data-sourcepos=\"29:1-29:109\"><strong>\u00d6l\u00e7\u00fclebilir Sonu\u00e7lar:<\/strong> Pazarlama \u00e7al\u0131\u015fmalar\u0131n\u0131z\u0131n etkinli\u011fini d\u00fczenli olarak \u00f6l\u00e7erek, size raporluyoruz.<\/li>\n<li data-sourcepos=\"30:1-30:19\"><strong>M\u00fc\u015fteri Memnuniyeti:<\/strong> M\u00fc\u015fteri odakl\u0131 yakla\u015f\u0131m\u0131m\u0131zla, beklentilerinizin \u00fczerinde sonu\u00e7lar alman\u0131za yard\u0131mc\u0131 oluyoruz.<\/li>\n<\/ul>\n<p data-sourcepos=\"32:1-32:152\"><strong>Nexim<\/strong>\u00a0olarak, size sadece bir pazarlama hizmeti sunmuyoruz, ayn\u0131 zamanda i\u015f orta\u011f\u0131n\u0131z oluyoruz. Hedeflerinize ula\u015fman\u0131z i\u00e7in yan\u0131n\u0131zday\u0131z.<\/p>\n<p data-sourcepos=\"34:1-34:85\"><strong>Hemen bizimle ileti\u015fime ge\u00e7in ve pazarlama stratejilerinizde yeni bir sayfa a\u00e7\u0131n!<\/strong><\/p>\n<a href=\"https:\/\/nexim.com.tr\/index.php\/ana-sayfa\/\" class=\"button primary expand\"  style=\"border-radius:10px;\">\n\t\t<span>Sat\u0131\u015f ve H\u0131zl\u0131 Teklif Y\u00f6netim Teknolojimizi \u0130nceleyin<\/span>\n\t<i class=\"icon-angle-right\" aria-hidden=\"true\" ><\/i><\/a>\n","protected":false},"excerpt":{"rendered":"","protected":false},"author":1,"featured_media":0,"parent":0,"menu_order":0,"comment_status":"closed","ping_status":"closed","template":"","meta":{"footnotes":""},"class_list":["post-146","page","type-page","status-publish","hentry"],"_links":{"self":[{"href":"https:\/\/nexim.com.tr\/index.php\/wp-json\/wp\/v2\/pages\/146","targetHints":{"allow":["GET"]}}],"collection":[{"href":"https:\/\/nexim.com.tr\/index.php\/wp-json\/wp\/v2\/pages"}],"about":[{"href":"https:\/\/nexim.com.tr\/index.php\/wp-json\/wp\/v2\/types\/page"}],"author":[{"embeddable":true,"href":"https:\/\/nexim.com.tr\/index.php\/wp-json\/wp\/v2\/users\/1"}],"replies":[{"embeddable":true,"href":"https:\/\/nexim.com.tr\/index.php\/wp-json\/wp\/v2\/comments?post=146"}],"version-history":[{"count":4,"href":"https:\/\/nexim.com.tr\/index.php\/wp-json\/wp\/v2\/pages\/146\/revisions"}],"predecessor-version":[{"id":326,"href":"https:\/\/nexim.com.tr\/index.php\/wp-json\/wp\/v2\/pages\/146\/revisions\/326"}],"wp:attachment":[{"href":"https:\/\/nexim.com.tr\/index.php\/wp-json\/wp\/v2\/media?parent=146"}],"curies":[{"name":"wp","href":"https:\/\/api.w.org\/{rel}","templated":true}]}}