{"id":144,"date":"2024-08-09T19:01:15","date_gmt":"2024-08-09T16:01:15","guid":{"rendered":"http:\/\/bimesis.com.tr\/?page_id=107"},"modified":"2025-01-30T10:19:06","modified_gmt":"2025-01-30T07:19:06","slug":"e-ihracat-cozumleri","status":"publish","type":"page","link":"https:\/\/nexim.com.tr\/index.php\/e-ihracat-cozumleri\/","title":{"rendered":"E-\u0130HRACAT \u00c7\u00d6Z\u00dcMLER\u0130"},"content":{"rendered":"\t<div class=\"img has-hover x md-x lg-x y md-y lg-y\" id=\"image_1123540121\">\n\t\t\t\t\t\t\t\t<div class=\"img-inner dark\" >\n\t\t\t<img loading=\"lazy\" decoding=\"async\" width=\"1100\" height=\"450\" src=\"https:\/\/nexim.com.tr\/wp-content\/uploads\/2024\/08\/Adsiz-tasarim-14.png\" class=\"attachment-original size-original\" alt=\"\" srcset=\"https:\/\/nexim.com.tr\/wp-content\/uploads\/2024\/08\/Adsiz-tasarim-14.png 1100w, https:\/\/nexim.com.tr\/wp-content\/uploads\/2024\/08\/Adsiz-tasarim-14-300x123.png 300w, https:\/\/nexim.com.tr\/wp-content\/uploads\/2024\/08\/Adsiz-tasarim-14-1024x419.png 1024w, https:\/\/nexim.com.tr\/wp-content\/uploads\/2024\/08\/Adsiz-tasarim-14-768x314.png 768w, https:\/\/nexim.com.tr\/wp-content\/uploads\/2024\/08\/Adsiz-tasarim-14-600x245.png 600w\" sizes=\"auto, (max-width: 1100px) 100vw, 1100px\" \/>\t\t\t\t\t\t\n\t\t\t\t\t<\/div>\n\t\t\t\t\t\t\t\t\n<style>\n#image_1123540121 {\n  width: 100%;\n}\n<\/style>\n\t<\/div>\n\t\n\n<p data-sourcepos=\"3:1-3:65\">\u00a0<\/p>\n<p data-sourcepos=\"3:1-3:65\"><strong>Uluslararas\u0131 \u00d6deme Sistemleriyle G\u00fcvenilir Al\u0131\u015fveri\u015f Deneyimi<\/strong><\/p>\n<p data-sourcepos=\"5:1-5:197\">E-ticaret \u00e7\u00f6z\u00fcmlerimizle sadece yerel de\u011fil, global pazarlara da a\u00e7\u0131l\u0131n. E-ihracat \u00e7\u00f6z\u00fcmlerimiz sayesinde \u00fcr\u00fcnlerinizi farkl\u0131 \u00fclkelerdeki m\u00fc\u015fterilere kolayca ula\u015ft\u0131rabilirsiniz. <strong>\u00c7oklu dil deste\u011fi, yerel \u00f6deme y\u00f6ntemleri, lojistik ve g\u00fcmr\u00fck i\u015flemleri konusunda uzman ekibimizle size her ad\u0131mda destek oluyoruz.<\/strong><\/p>\n<p data-sourcepos=\"7:1-7:2\"><strong>Global Pazaryerlerine Entegre Olun, Daha Geni\u015f Kitlelere Ula\u015f\u0131n<\/strong><\/p>\n<p data-sourcepos=\"9:1-9:209\">Amazon, eBay, Alibaba gibi global pazaryerlerine entegre olarak \u00fcr\u00fcnlerinizi milyonlarca potansiyel m\u00fc\u015fteriye sunun. <strong>\u00dcr\u00fcn listeleme, stok y\u00f6netimi ve sipari\u015f takibi gibi i\u015flemleri tek bir panelden y\u00f6netin.<\/strong><\/p>\n<p data-sourcepos=\"11:1-11:48\"><strong>Uluslararas\u0131 \u00d6deme Sistemleriyle G\u00fcven Verin<\/strong><\/p>\n<p data-sourcepos=\"13:1-13:139\">Farkl\u0131 \u00fclkelerdeki m\u00fc\u015fterilerin tercih etti\u011fi <strong>kredi kart\u0131, PayPal, yerel \u00f6deme y\u00f6ntemleri gibi \u00e7e\u015fitli \u00f6deme se\u00e7enekleri<\/strong> sunarak m\u00fc\u015fterilerinize g\u00fcvenli bir al\u0131\u015fveri\u015f deneyimi sunun.<\/p>\n<p data-sourcepos=\"15:1-15:31\"><strong>Vergi ve Yasal Uyumda Kal\u0131n<\/strong><\/p>\n<p data-sourcepos=\"17:1-17:160\">Farkl\u0131 \u00fclkelerdeki vergi d\u00fczenlemelerine ve yasal gerekliliklere uygun olarak hizmet vererek, yasal riskleri minimize edin ve m\u00fc\u015fterilerinizin g\u00fcvenini kazan\u0131n.<\/p>\n<p data-sourcepos=\"19:1-19:14\"><strong>Neden Biz?<\/strong><\/p>\n<ul data-sourcepos=\"21:1-26:0\">\n<li data-sourcepos=\"21:1-21:65\"><strong>Global Ula\u015f\u0131m:<\/strong> D\u00fcnyan\u0131n her k\u00f6\u015fesindeki m\u00fc\u015fterilere ula\u015f\u0131n.<\/li>\n<li data-sourcepos=\"22:1-22:73\"><strong>Yerelle\u015fmi\u015f \u00c7\u00f6z\u00fcmler:<\/strong> Farkl\u0131 k\u00fclt\u00fcrlere ve pazarlara \u00f6zel \u00e7\u00f6z\u00fcmler.<\/li>\n<li data-sourcepos=\"23:1-23:67\"><strong>Uzman Ekip:<\/strong> E-ihracat konusunda deneyimli ekibimizle \u00e7al\u0131\u015f\u0131n.<\/li>\n<li data-sourcepos=\"24:1-24:78\"><strong>Tam Entegrasyon:<\/strong> T\u00fcm e-ticaret s\u00fcre\u00e7lerinizi tek bir platformda y\u00f6netin.<\/li>\n<li data-sourcepos=\"25:1-26:0\"><strong>7\/24 Destek:<\/strong> Her zaman yan\u0131n\u0131zday\u0131z.<\/li>\n<\/ul>\n<p data-sourcepos=\"27:1-27:146\"><strong>E-ihracat hedeflerinize ula\u015fmak i\u00e7in do\u011fru partneri se\u00e7in. Bizimle ileti\u015fime ge\u00e7in ve size \u00f6zel \u00e7\u00f6z\u00fcmlerimiz hakk\u0131nda daha detayl\u0131 bilgi al\u0131n.<\/strong><\/p>","protected":false},"excerpt":{"rendered":"","protected":false},"author":1,"featured_media":0,"parent":0,"menu_order":0,"comment_status":"closed","ping_status":"closed","template":"","meta":{"footnotes":""},"class_list":["post-144","page","type-page","status-publish","hentry"],"_links":{"self":[{"href":"https:\/\/nexim.com.tr\/index.php\/wp-json\/wp\/v2\/pages\/144","targetHints":{"allow":["GET"]}}],"collection":[{"href":"https:\/\/nexim.com.tr\/index.php\/wp-json\/wp\/v2\/pages"}],"about":[{"href":"https:\/\/nexim.com.tr\/index.php\/wp-json\/wp\/v2\/types\/page"}],"author":[{"embeddable":true,"href":"https:\/\/nexim.com.tr\/index.php\/wp-json\/wp\/v2\/users\/1"}],"replies":[{"embeddable":true,"href":"https:\/\/nexim.com.tr\/index.php\/wp-json\/wp\/v2\/comments?post=144"}],"version-history":[{"count":2,"href":"https:\/\/nexim.com.tr\/index.php\/wp-json\/wp\/v2\/pages\/144\/revisions"}],"predecessor-version":[{"id":323,"href":"https:\/\/nexim.com.tr\/index.php\/wp-json\/wp\/v2\/pages\/144\/revisions\/323"}],"wp:attachment":[{"href":"https:\/\/nexim.com.tr\/index.php\/wp-json\/wp\/v2\/media?parent=144"}],"curies":[{"name":"wp","href":"https:\/\/api.w.org\/{rel}","templated":true}]}}