{"id":143,"date":"2024-08-09T18:55:30","date_gmt":"2024-08-09T15:55:30","guid":{"rendered":"http:\/\/bimesis.com.tr\/?page_id=103"},"modified":"2025-01-25T05:20:58","modified_gmt":"2025-01-25T02:20:58","slug":"e-ticaret-cozumleri","status":"publish","type":"page","link":"https:\/\/nexim.com.tr\/index.php\/e-ticaret-cozumleri\/","title":{"rendered":"E-T\u0130CARET \u00c7\u00d6Z\u00dcMLER\u0130"},"content":{"rendered":"\t<div class=\"img has-hover x md-x lg-x y md-y lg-y\" id=\"image_875791675\">\n\t\t\t\t\t\t\t\t<div class=\"img-inner dark\" >\n\t\t\t\t\t\t\t\t\t\n\t\t\t\t\t<\/div>\n\t\t\t\t\t\t\t\t\n<style>\n#image_875791675 {\n  width: 100%;\n}\n<\/style>\n\t<\/div>\n\t\n\n\t<div class=\"img has-hover x md-x lg-x y md-y lg-y\" id=\"image_803888430\">\n\t\t\t\t\t\t\t\t<div class=\"img-inner dark\" >\n\t\t\t<img loading=\"lazy\" decoding=\"async\" width=\"1100\" height=\"450\" src=\"https:\/\/nexim.com.tr\/wp-content\/uploads\/2024\/08\/Adsiz-tasarim-12.png\" class=\"attachment-original size-original\" alt=\"\" srcset=\"https:\/\/nexim.com.tr\/wp-content\/uploads\/2024\/08\/Adsiz-tasarim-12.png 1100w, https:\/\/nexim.com.tr\/wp-content\/uploads\/2024\/08\/Adsiz-tasarim-12-300x123.png 300w, https:\/\/nexim.com.tr\/wp-content\/uploads\/2024\/08\/Adsiz-tasarim-12-1024x419.png 1024w, https:\/\/nexim.com.tr\/wp-content\/uploads\/2024\/08\/Adsiz-tasarim-12-768x314.png 768w, https:\/\/nexim.com.tr\/wp-content\/uploads\/2024\/08\/Adsiz-tasarim-12-600x245.png 600w\" sizes=\"auto, (max-width: 1100px) 100vw, 1100px\" \/>\t\t\t\t\t\t\n\t\t\t\t\t<\/div>\n\t\t\t\t\t\t\t\t\n<style>\n#image_803888430 {\n  width: 100%;\n}\n<\/style>\n\t<\/div>\n\t\n\n<h2 class=\"\" data-sourcepos=\"1:1-1:56\">E-Ticaret \u00c7\u00f6z\u00fcmlerimizle Uluslararas\u0131 Ba\u015far\u0131ya Ula\u015f\u0131n<\/h2>\n<p data-sourcepos=\"3:1-3:33\"><strong>Yapay Zeka Destekli H\u0131zl\u0131 Sat\u0131\u015f:<\/strong><\/p>\n<p data-sourcepos=\"5:1-5:106\">E-ticaret d\u00fcnyas\u0131nda rekabet her ge\u00e7en g\u00fcn art\u0131yor. Biz, yapay zeka teknolojilerimizi kullanarak \u00fcr\u00fcnlerinizi do\u011fru m\u00fc\u015fterilere do\u011fru zamanda ula\u015ft\u0131r\u0131yor ve sat\u0131\u015flar\u0131n\u0131z\u0131 h\u0131zland\u0131r\u0131yoruz.<\/p>\n<p data-sourcepos=\"5:1-5:106\">\u00a0<img loading=\"lazy\" decoding=\"async\" class=\"alignnone  wp-image-258\" src=\"https:\/\/nexim.com.tr\/wp-content\/uploads\/2025\/01\/BIMESIS.png\" alt=\"\" width=\"308\" height=\"231\" srcset=\"https:\/\/nexim.com.tr\/wp-content\/uploads\/2025\/01\/BIMESIS.png 448w, https:\/\/nexim.com.tr\/wp-content\/uploads\/2025\/01\/BIMESIS-300x225.png 300w\" sizes=\"auto, (max-width: 308px) 100vw, 308px\" \/><img loading=\"lazy\" decoding=\"async\" class=\"alignnone  wp-image-257\" style=\"font-size: 14.4px;\" src=\"https:\/\/nexim.com.tr\/wp-content\/uploads\/2025\/01\/BIMESIS-1.png\" alt=\"\" width=\"318\" height=\"229\" srcset=\"https:\/\/nexim.com.tr\/wp-content\/uploads\/2025\/01\/BIMESIS-1.png 1118w, https:\/\/nexim.com.tr\/wp-content\/uploads\/2025\/01\/BIMESIS-1-300x216.png 300w, https:\/\/nexim.com.tr\/wp-content\/uploads\/2025\/01\/BIMESIS-1-1024x737.png 1024w, https:\/\/nexim.com.tr\/wp-content\/uploads\/2025\/01\/BIMESIS-1-768x553.png 768w, https:\/\/nexim.com.tr\/wp-content\/uploads\/2025\/01\/BIMESIS-1-600x432.png 600w\" sizes=\"auto, (max-width: 318px) 100vw, 318px\" \/><\/p>\n<ul data-sourcepos=\"7:1-7:32\">\n<li data-sourcepos=\"7:1-7:32\"><strong>Ki\u015fiselle\u015ftirilmi\u015f \u00dcr\u00fcn \u00d6nerileri:<\/strong> M\u00fc\u015fterilerinizin ge\u00e7mi\u015f al\u0131\u015fveri\u015f ve ilgi alanlar\u0131na g\u00f6re \u00f6zel \u00fcr\u00fcn \u00f6nerileri sunarak, daha y\u00fcksek d\u00f6n\u00fc\u015f\u00fcm oranlar\u0131na ula\u015fabilirsiniz.<\/li>\n<li data-sourcepos=\"8:1-8:1\"><strong>Ak\u0131ll\u0131 Arama Motoru:<\/strong> M\u00fc\u015fterilerinizin arad\u0131\u011f\u0131 \u00fcr\u00fcnleri h\u0131zl\u0131 ve do\u011fru bir \u015fekilde bulmas\u0131n\u0131 sa\u011flayarak, al\u0131\u015fveri\u015f deneyimini iyile\u015ftiririz.<\/li>\n<li data-sourcepos=\"9:1-10:0\"><strong>Dinamik Fiyatland\u0131rma:<\/strong> Pazar ko\u015fullar\u0131na ve stok durumuna g\u00f6re \u00fcr\u00fcn fiyatlar\u0131n\u0131z\u0131 otomatik olarak ayarlayarak, karl\u0131l\u0131\u011f\u0131n\u0131z\u0131 art\u0131rabilirsiniz.<\/li>\n<\/ul>\n<p data-sourcepos=\"11:1-11:30\"><strong>Ma\u011faza Y\u00f6netimi Cebinizde:<\/strong><\/p>\n<p data-sourcepos=\"13:1-13:67\">Mobil uygulamam\u0131z sayesinde ma\u011fazan\u0131z\u0131 her yerden y\u00f6netebilirsiniz.<\/p>\n<ul data-sourcepos=\"15:1-18:0\">\n<li data-sourcepos=\"15:1-15:125\"><strong>Sipari\u015f Takibi:<\/strong> T\u00fcm sipari\u015flerinizi tek bir panelden takip edebilir, m\u00fc\u015fterilerinizle kolayca ileti\u015fime ge\u00e7ebilirsiniz.<\/li>\n<li data-sourcepos=\"16:1-16:103\"><strong>\u00dcr\u00fcn Y\u00f6netimi:<\/strong> \u00dcr\u00fcnlerinizi ekleyebilir, d\u00fczenleyebilir ve stok seviyelerini takip edebilirsiniz.<\/li>\n<li data-sourcepos=\"17:1-18:0\"><strong>Raporlama:<\/strong> Sat\u0131\u015f rakamlar\u0131n\u0131z\u0131 analiz edebilir, karl\u0131l\u0131\u011f\u0131n\u0131z\u0131 art\u0131rmak i\u00e7in gerekli ad\u0131mlar\u0131 atabilirsiniz.<\/li>\n<\/ul>\n<p data-sourcepos=\"19:1-19:38\"><strong>Depodan M\u00fc\u015fteriye Kesintisiz Ak\u0131\u015f:<\/strong><\/p>\n<p data-sourcepos=\"21:1-21:138\">Depo y\u00f6netim sistemimiz sayesinde \u00fcr\u00fcnlerinizi daha verimli bir \u015fekilde y\u00f6netebilir ve m\u00fc\u015fterilerinize daha h\u0131zl\u0131 teslimat yapabilirsiniz.<\/p>\n<ul data-sourcepos=\"23:1-26:0\">\n<li data-sourcepos=\"23:1-23:120\"><strong>Stok Takibi:<\/strong> \u00dcr\u00fcnlerinizi depo i\u00e7indeki konumlar\u0131na g\u00f6re takip edebilir, stok seviyelerini optimize edebilirsiniz.<\/li>\n<li data-sourcepos=\"24:1-24:106\"><strong>Sipari\u015f Haz\u0131rl\u0131k:<\/strong> Sipari\u015fleri otomatik olarak haz\u0131rlayabilir ve hata riskini minimize edebilirsiniz.<\/li>\n<li data-sourcepos=\"25:1-26:0\"><strong>Kargo Entegrasyonu:<\/strong> Bir\u00e7ok kargo firmas\u0131yla entegre \u00e7al\u0131\u015farak, m\u00fc\u015fterilerinize farkl\u0131 kargo se\u00e7enekleri sunabilirsiniz.<\/li>\n<\/ul>\n<p data-sourcepos=\"27:1-27:42\"><strong>Muhasebe \u0130\u015flemlerini Otomatikle\u015ftirin:<\/strong><\/p>\n<p data-sourcepos=\"29:1-29:93\">Muhasebe sistemimiz sayesinde t\u00fcm finansal i\u015flemlerinizi tek bir platformda y\u00f6netebilirsiniz.<\/p>\n<ul data-sourcepos=\"31:1-31:14\">\n<li data-sourcepos=\"31:1-31:14\"><strong>Fatura Kesme:<\/strong> Sat\u0131\u015f faturalar\u0131n\u0131z\u0131 otomatik olarak kesebilir, m\u00fc\u015fterilerinize kolayca g\u00f6nderebilirsiniz.<\/li>\n<li data-sourcepos=\"32:1-32:103\"><strong>\u00d6deme Takibi:<\/strong> M\u00fc\u015fteri \u00f6demelerinizi takip edebilir, alacak-bor\u00e7 durumunuzu kontrol edebilirsiniz.<\/li>\n<li data-sourcepos=\"33:1-34:0\"><strong>Vergi Raporlamas\u0131:<\/strong> Vergi beyannamelerinizi kolayca haz\u0131rlayabilir, yasal y\u00fck\u00fcml\u00fcl\u00fcklerinizi yerine getirebilirsiniz.<\/li>\n<\/ul>\n<p data-sourcepos=\"35:1-35:34\"><strong>Pazaryerlerinde Ba\u015far\u0131l\u0131 Olun:<\/strong><\/p>\n<p data-sourcepos=\"37:1-37:136\">Pazaryeri entegrasyonlar\u0131m\u0131z sayesinde farkl\u0131 platformlarda ayn\u0131 anda sat\u0131\u015f yapabilir, daha geni\u015f bir m\u00fc\u015fteri kitlesine ula\u015fabilirsiniz.<\/p>\n<ul data-sourcepos=\"39:1-42:0\">\n<li data-sourcepos=\"39:1-39:143\"><strong>\u00dcr\u00fcn Listesi Senkronizasyonu:<\/strong> \u00dcr\u00fcnlerinizi t\u00fcm pazaryerlerinde tek seferde listeleyebilir, g\u00fcncellemeleri otomatik olarak yapabilirsiniz.<\/li>\n<li data-sourcepos=\"40:1-40:97\"><strong>Sipari\u015f Y\u00f6netimi:<\/strong> T\u00fcm pazaryerlerinden gelen sipari\u015fleri tek bir panelden y\u00f6netebilirsiniz.<\/li>\n<li data-sourcepos=\"41:1-42:0\"><strong>Stok Senkronizasyonu:<\/strong> T\u00fcm sat\u0131\u015f kanallar\u0131n\u0131zdaki stok seviyelerini e\u015f zamanl\u0131 olarak g\u00fcncelleyebilirsiniz.<\/li>\n<\/ul>\n<p data-sourcepos=\"43:1-43:14\"><strong>Neden Biz?<\/strong><\/p>\n<ul data-sourcepos=\"45:1-45:66\">\n<li data-sourcepos=\"45:1-45:66\"><strong>Uluslararas\u0131 Deneyim:<\/strong> Y\u0131llar\u0131n verdi\u011fi tecr\u00fcbeyle, e-ticaret \u00e7\u00f6z\u00fcmlerimizi global pazara uygun hale getirdik.<\/li>\n<li data-sourcepos=\"46:1-46:111\"><strong>Yapay Zeka Deste\u011fi:<\/strong> En son teknolojiyi kullanarak, i\u015finizi otomatikle\u015ftirdik ve verimlili\u011finizi art\u0131rd\u0131k.<\/li>\n<li data-sourcepos=\"47:1-47:131\"><strong>Tam Entegrasyon:<\/strong> T\u00fcm sistemlerimiz birbirleriyle sorunsuz bir \u015fekilde \u00e7al\u0131\u015f\u0131r, b\u00f6ylece zaman ve maliyet tasarrufu yapars\u0131n\u0131z.<\/li>\n<li data-sourcepos=\"48:1-49:0\"><strong>7\/24 Destek:<\/strong> Uzman ekibimiz, size her zaman yard\u0131mc\u0131 olmak i\u00e7in haz\u0131rd\u0131r.<\/li>\n<\/ul>\n<p data-sourcepos=\"50:1-50:146\"><strong>E-ticaret hedeflerinize ula\u015fmak i\u00e7in do\u011fru partneri se\u00e7in. Bizimle ileti\u015fime ge\u00e7in ve size \u00f6zel \u00e7\u00f6z\u00fcmlerimiz hakk\u0131nda daha detayl\u0131 bilgi al\u0131n.<\/strong><\/p>","protected":false},"excerpt":{"rendered":"","protected":false},"author":1,"featured_media":0,"parent":0,"menu_order":0,"comment_status":"closed","ping_status":"closed","template":"","meta":{"footnotes":""},"class_list":["post-143","page","type-page","status-publish","hentry"],"_links":{"self":[{"href":"https:\/\/nexim.com.tr\/index.php\/wp-json\/wp\/v2\/pages\/143","targetHints":{"allow":["GET"]}}],"collection":[{"href":"https:\/\/nexim.com.tr\/index.php\/wp-json\/wp\/v2\/pages"}],"about":[{"href":"https:\/\/nexim.com.tr\/index.php\/wp-json\/wp\/v2\/types\/page"}],"author":[{"embeddable":true,"href":"https:\/\/nexim.com.tr\/index.php\/wp-json\/wp\/v2\/users\/1"}],"replies":[{"embeddable":true,"href":"https:\/\/nexim.com.tr\/index.php\/wp-json\/wp\/v2\/comments?post=143"}],"version-history":[{"count":2,"href":"https:\/\/nexim.com.tr\/index.php\/wp-json\/wp\/v2\/pages\/143\/revisions"}],"predecessor-version":[{"id":259,"href":"https:\/\/nexim.com.tr\/index.php\/wp-json\/wp\/v2\/pages\/143\/revisions\/259"}],"wp:attachment":[{"href":"https:\/\/nexim.com.tr\/index.php\/wp-json\/wp\/v2\/media?parent=143"}],"curies":[{"name":"wp","href":"https:\/\/api.w.org\/{rel}","templated":true}]}}