{"id":142,"date":"2024-08-09T18:43:09","date_gmt":"2024-08-09T15:43:09","guid":{"rendered":"http:\/\/bimesis.com.tr\/?page_id=99"},"modified":"2025-01-25T04:31:20","modified_gmt":"2025-01-25T01:31:20","slug":"marka-danismanligi-2","status":"publish","type":"page","link":"https:\/\/nexim.com.tr\/index.php\/marka-danismanligi-2\/","title":{"rendered":"MARKA B\u00dcY\u00dcME DANI\u015eMANLI\u011eI"},"content":{"rendered":"\t<div class=\"img has-hover x md-x lg-x y md-y lg-y\" id=\"image_1613363298\">\n\t\t\t\t\t\t\t\t<div class=\"img-inner dark\" >\n\t\t\t\t\t\t\t\t\t\n\t\t\t\t\t<\/div>\n\t\t\t\t\t\t\t\t\n<style>\n#image_1613363298 {\n  width: 100%;\n}\n<\/style>\n\t<\/div>\n\t\n\n\t<div class=\"img has-hover x md-x lg-x y md-y lg-y\" id=\"image_1741785938\">\n\t\t\t\t\t\t\t\t<div class=\"img-inner dark\" >\n\t\t\t<img loading=\"lazy\" decoding=\"async\" width=\"1100\" height=\"450\" src=\"https:\/\/nexim.com.tr\/wp-content\/uploads\/2024\/08\/Adsiz-tasarim-10.png\" class=\"attachment-original size-original\" alt=\"\" srcset=\"https:\/\/nexim.com.tr\/wp-content\/uploads\/2024\/08\/Adsiz-tasarim-10.png 1100w, https:\/\/nexim.com.tr\/wp-content\/uploads\/2024\/08\/Adsiz-tasarim-10-300x123.png 300w, https:\/\/nexim.com.tr\/wp-content\/uploads\/2024\/08\/Adsiz-tasarim-10-1024x419.png 1024w, https:\/\/nexim.com.tr\/wp-content\/uploads\/2024\/08\/Adsiz-tasarim-10-768x314.png 768w, https:\/\/nexim.com.tr\/wp-content\/uploads\/2024\/08\/Adsiz-tasarim-10-600x245.png 600w\" sizes=\"auto, (max-width: 1100px) 100vw, 1100px\" \/>\t\t\t\t\t\t\n\t\t\t\t\t<\/div>\n\t\t\t\t\t\t\t\t\n<style>\n#image_1741785938 {\n  width: 100%;\n}\n<\/style>\n\t<\/div>\n\t\n\n<h3 data-sourcepos=\"1:1-1:74\">Yapay Zeka Destekli Hizmetlerle B\u00fct\u00e7e Dostu \u00c7\u00f6z\u00fcmler<\/h3>\n<p data-sourcepos=\"3:1-3:181\"><strong>\u201cYapay zeka sayesinde t\u00fcm hizmetlerimiz art\u0131k daha verimli ve b\u00fct\u00e7e dostu!\u201d<\/strong><\/p>\n<p data-sourcepos=\"3:1-3:36\"><strong>T\u00fcm Sekt\u00f6rlere Kapsaml\u0131 \u00c7\u00f6z\u00fcmler<\/strong><\/p>\n<p data-sourcepos=\"5:1-5:18\">2012 y\u0131l\u0131ndan beri sekt\u00f6rde edindi\u011fimiz deneyimle, i\u015fletmelerin her boyutunda marka dan\u0131\u015fmanl\u0131\u011f\u0131 hizmeti sunmaktay\u0131z. Muhasebeden depo y\u00f6netimine, yaz\u0131l\u0131m \u00e7\u00f6z\u00fcmlerinden medyaya, hukuksal s\u00fcre\u00e7lere kadar markan\u0131z\u0131n t\u00fcm ihtiya\u00e7lar\u0131n\u0131 tek bir \u00e7at\u0131 alt\u0131nda topluyoruz.<\/p>\n<p data-sourcepos=\"7:1-7:33\"><strong>Hizmetlerimiz Detayl\u0131 Olarak:<\/strong><\/p>\n<ul data-sourcepos=\"9:1-9:39\">\n<li data-sourcepos=\"9:1-9:39\"><strong>Muhasebe ve Finansal Dan\u0131\u015fmanl\u0131k:<\/strong>\u00a0\u0130\u015fletmenizin mali yap\u0131s\u0131n\u0131 analiz eder, vergisel konularda destek sa\u011flar, maliyetleri d\u00fc\u015f\u00fcrmeye y\u00f6nelik stratejiler geli\u015ftiririz.<\/li>\n<li data-sourcepos=\"10:1-10:171\"><strong>Depo Y\u00f6netimi ve Lojistik:<\/strong>\u00a0\u00dcr\u00fcnlerinizi etkin bir \u015fekilde y\u00f6netmek, depolama s\u00fcre\u00e7lerinizi optimize etmek ve lojistik maliyetlerinizi d\u00fc\u015f\u00fcrmek i\u00e7in \u00e7\u00f6z\u00fcmler sunar\u0131z.<\/li>\n<li data-sourcepos=\"11:1-11:156\"><strong>Yaz\u0131l\u0131m \u00c7\u00f6z\u00fcmleri:<\/strong>\u00a0\u0130\u015fletmenizin ihtiya\u00e7lar\u0131na \u00f6zel yaz\u0131l\u0131mlar geli\u015ftirir, mevcut sistemlerinizi entegre eder, dijital d\u00f6n\u00fc\u015f\u00fcm s\u00fcre\u00e7lerinizi y\u00f6netiriz.<\/li>\n<li data-sourcepos=\"12:1-12:213\"><strong>Medya ve Pazarlama:<\/strong>\u00a0Marka bilinirli\u011finizi art\u0131rmak, hedef kitlenize ula\u015fmak i\u00e7in etkili pazarlama stratejileri geli\u015ftirir, sosyal medya y\u00f6netimi, reklam kampanyalar\u0131 ve i\u00e7erik \u00fcretimi gibi hizmetler sunar\u0131z.<\/li>\n<li data-sourcepos=\"13:1-14:0\"><strong>Hukuksal Dan\u0131\u015fmanl\u0131k:<\/strong>\u00a0\u0130\u015fletmenizin hukuki s\u00fcre\u00e7lerinde size destek olur, s\u00f6zle\u015fme haz\u0131rlama, marka tescili, patent ba\u015fvurusu,ihracat destekleri gibi konularda uzman kadromuzla hizmet veririz.<\/li>\n<\/ul>\n<p data-sourcepos=\"15:1-15:14\"><strong>Neden Biz?<\/strong><\/p>\n<ul data-sourcepos=\"17:1-21:26\">\n<li data-sourcepos=\"17:1-17:105\"><strong>T\u00fcm Sekt\u00f6rlere Hizmet:<\/strong>\u00a0Her sekt\u00f6r\u00fcn kendine \u00f6zg\u00fc ihtiya\u00e7lar\u0131n\u0131 anlar ve ona g\u00f6re \u00e7\u00f6z\u00fcmler \u00fcretiriz.<\/li>\n<li data-sourcepos=\"18:1-18:121\"><strong>Kapsaml\u0131 \u00c7\u00f6z\u00fcmler:<\/strong>\u00a0Muhasebeden hukuki s\u00fcre\u00e7lere kadar markan\u0131z\u0131n t\u00fcm ihtiya\u00e7lar\u0131n\u0131 tek bir \u00e7at\u0131 alt\u0131nda bulursunuz.<\/li>\n<li data-sourcepos=\"19:1-19:129\"><strong>Deneyimli Ekip:<\/strong>\u00a0Sekt\u00f6rde uzun y\u0131llard\u0131r hizmet veren uzman ekibimizle, i\u015fletmenizin hedeflerine ula\u015fmas\u0131na yard\u0131mc\u0131 oluruz.<\/li>\n<li data-sourcepos=\"20:1-20:97\"><strong>Teknolojiye Yat\u0131r\u0131m:<\/strong>\u00a0En son teknolojileri kullanarak, i\u015fletmenizin verimlili\u011fini art\u0131r\u0131r\u0131z.<\/li>\n<li data-sourcepos=\"21:1-21:26\"><strong>M\u00fc\u015fteri Memnuniyeti:<\/strong>\u00a0M\u00fc\u015fteri odakl\u0131 yakla\u015f\u0131m\u0131m\u0131zla, i\u015fletmenizin beklentilerini en \u00fcst d\u00fczeyde kar\u015f\u0131lar\u0131z.<\/li>\n<\/ul>\n<p data-sourcepos=\"23:1-23:43\"><strong>Markan\u0131z\u0131n Potansiyelini Maksimize Edin<\/strong><\/p>\n<p data-sourcepos=\"25:1-25:181\"><strong><em>\u0130\u015fletmenizin b\u00fcy\u00fcmesi ve geli\u015fmesi i\u00e7in do\u011fru ad\u0131mlar atman\u0131za yard\u0131mc\u0131 oluruz. Uzman ekibimizle birlikte, markan\u0131z\u0131n potansiyelini en \u00fcst d\u00fczeye \u00e7\u0131karacak stratejiler geli\u015ftiririz.<\/em><\/strong><\/p>","protected":false},"excerpt":{"rendered":"","protected":false},"author":1,"featured_media":0,"parent":0,"menu_order":0,"comment_status":"closed","ping_status":"closed","template":"","meta":{"footnotes":""},"class_list":["post-142","page","type-page","status-publish","hentry"],"_links":{"self":[{"href":"https:\/\/nexim.com.tr\/index.php\/wp-json\/wp\/v2\/pages\/142","targetHints":{"allow":["GET"]}}],"collection":[{"href":"https:\/\/nexim.com.tr\/index.php\/wp-json\/wp\/v2\/pages"}],"about":[{"href":"https:\/\/nexim.com.tr\/index.php\/wp-json\/wp\/v2\/types\/page"}],"author":[{"embeddable":true,"href":"https:\/\/nexim.com.tr\/index.php\/wp-json\/wp\/v2\/users\/1"}],"replies":[{"embeddable":true,"href":"https:\/\/nexim.com.tr\/index.php\/wp-json\/wp\/v2\/comments?post=142"}],"version-history":[{"count":1,"href":"https:\/\/nexim.com.tr\/index.php\/wp-json\/wp\/v2\/pages\/142\/revisions"}],"predecessor-version":[{"id":243,"href":"https:\/\/nexim.com.tr\/index.php\/wp-json\/wp\/v2\/pages\/142\/revisions\/243"}],"wp:attachment":[{"href":"https:\/\/nexim.com.tr\/index.php\/wp-json\/wp\/v2\/media?parent=142"}],"curies":[{"name":"wp","href":"https:\/\/api.w.org\/{rel}","templated":true}]}}