{"id":103,"date":"2025-01-02T04:21:16","date_gmt":"2025-01-02T01:21:16","guid":{"rendered":"http:\/\/nexim.com.tr\/?page_id=103"},"modified":"2025-01-25T10:57:04","modified_gmt":"2025-01-25T07:57:04","slug":"biz-kimiz","status":"publish","type":"page","link":"https:\/\/nexim.com.tr\/index.php\/biz-kimiz\/","title":{"rendered":"Kurumsal"},"content":{"rendered":"\t<div class=\"img has-hover x md-x lg-x y md-y lg-y\" id=\"image_1138616077\">\n\t\t\t\t\t\t\t\t<div class=\"img-inner dark\" >\n\t\t\t<img loading=\"lazy\" decoding=\"async\" width=\"3450\" height=\"1438\" src=\"https:\/\/nexim.com.tr\/wp-content\/uploads\/2025\/01\/Adsiz-tasarim-39.png\" class=\"attachment-original size-original\" alt=\"\" srcset=\"https:\/\/nexim.com.tr\/wp-content\/uploads\/2025\/01\/Adsiz-tasarim-39.png 3450w, https:\/\/nexim.com.tr\/wp-content\/uploads\/2025\/01\/Adsiz-tasarim-39-300x125.png 300w, https:\/\/nexim.com.tr\/wp-content\/uploads\/2025\/01\/Adsiz-tasarim-39-1024x427.png 1024w, https:\/\/nexim.com.tr\/wp-content\/uploads\/2025\/01\/Adsiz-tasarim-39-768x320.png 768w, https:\/\/nexim.com.tr\/wp-content\/uploads\/2025\/01\/Adsiz-tasarim-39-1536x640.png 1536w, https:\/\/nexim.com.tr\/wp-content\/uploads\/2025\/01\/Adsiz-tasarim-39-2048x854.png 2048w, https:\/\/nexim.com.tr\/wp-content\/uploads\/2025\/01\/Adsiz-tasarim-39-600x250.png 600w\" sizes=\"auto, (max-width: 3450px) 100vw, 3450px\" \/>\t\t\t\t\t\t\n\t\t\t\t\t<\/div>\n\t\t\t\t\t\t\t\t\n<style>\n#image_1138616077 {\n  width: 100%;\n}\n<\/style>\n\t<\/div>\n\t\n\n\t<div id=\"gap-754583081\" class=\"gap-element clearfix\" style=\"display:block; height:auto;\">\n\t\t\n<style>\n#gap-754583081 {\n  padding-top: 15px;\n}\n<\/style>\n\t<\/div>\n\t\n\n<h2 data-sourcepos=\"1:1-1:37\">Nexim ile \u0130\u015finizi Zirveye Ta\u015f\u0131y\u0131n!<\/h2>\n<p data-sourcepos=\"3:1-3:45\"><strong>Yapay Zeka G\u00fcc\u00fcnde, \u0130\u015finize \u00d6zel \u00c7\u00f6z\u00fcmler<\/strong><\/p>\n<p data-sourcepos=\"5:1-5:256\"><strong>Nexim<\/strong>, t\u00fcm sekt\u00f6rlerin ihtiya\u00e7lar\u0131na cevap veren, sat\u0131\u015f ve verimlilik odakl\u0131, yapay zeka destekli bir i\u015f y\u00f6netim teknolojisidir. \u0130\u015fletmenizin b\u00fcy\u00fcmesine ve karl\u0131l\u0131\u011f\u0131n\u0131za do\u011frudan katk\u0131 sa\u011flayan Nexim, size \u00f6zel olarak tasarlanan bir yaz\u0131l\u0131m deneyimi sunar.<\/p>\n<p data-sourcepos=\"7:1-7:16\"><strong>Neden Nexim?<\/strong><\/p>\n<ul data-sourcepos=\"9:1-16:0\">\n<li data-sourcepos=\"9:1-9:118\"><strong>\u00d6zelle\u015ftirilebilir Teknoloji:<\/strong> \u0130\u015fletmenizin unique ihtiya\u00e7lar\u0131na g\u00f6re \u015fekillenen, size \u00f6zel bir yaz\u0131l\u0131m deneyimi.<\/li>\n<li data-sourcepos=\"10:1-10:103\"><strong>Uluslararas\u0131 Standartlar:<\/strong> K\u00fcresel i\u015f d\u00fcnyas\u0131n\u0131n beklentilerine uygun, etkin ve verimli bir \u00e7\u00f6z\u00fcm.<\/li>\n<li data-sourcepos=\"11:1-11:94\"><strong>Her Yerden Eri\u015fim:<\/strong> Bilgisayar, tablet veya telefonunuzdan i\u015finizi y\u00f6netebilme \u00f6zg\u00fcrl\u00fc\u011f\u00fc.<\/li>\n<li data-sourcepos=\"12:1-12:94\"><strong>Bulut Tabanl\u0131 Veri Y\u00f6netimi:<\/strong> Anl\u0131k bilgiye eri\u015fim ve t\u00fcm ekibin ayn\u0131 anda \u00e7al\u0131\u015fabilmesi.<\/li>\n<li data-sourcepos=\"13:1-13:89\"><strong>Yapay Zeka Deste\u011fi:<\/strong> Ak\u0131ll\u0131 \u00f6neriler ve otomasyonlarla daha h\u0131zl\u0131 ve do\u011fru kararlar.<\/li>\n<li data-sourcepos=\"14:1-14:158\"><strong>H\u0131zl\u0131 Sat\u0131\u015f ve Y\u00fcksek Kar Marj\u0131:<\/strong> M\u00fc\u015fterilerinize canl\u0131 \u00fcr\u00fcn sunumlar\u0131, an\u0131nda teklif olu\u015fturma ve dil engelini a\u015fan ileti\u015fim ile sat\u0131\u015flar\u0131n\u0131z\u0131 katlay\u0131n.<\/li>\n<li data-sourcepos=\"15:1-16:0\"><strong>Mobil Uygulama ile Etkin Sunumlar:<\/strong> Her an her yerde m\u00fc\u015fteri ziyaretlerinizde etkileyici sunumlar yapabilir ve an\u0131nda teklif olu\u015fturabilirsiniz.<\/li>\n<\/ul>\n<p data-sourcepos=\"17:1-17:33\"><strong>Nexim ile Neler Kazan\u0131rs\u0131n\u0131z?<\/strong><\/p>\n<ul data-sourcepos=\"19:1-23:0\">\n<li data-sourcepos=\"19:1-19:91\"><strong>Art\u0131r\u0131lm\u0131\u015f Verimlilik:<\/strong> Otomasyon ve ak\u0131ll\u0131 i\u015f ak\u0131\u015flar\u0131 ile zaman ve kaynak tasarrufu.<\/li>\n<li data-sourcepos=\"20:1-20:109\"><strong>Daha \u0130yi Kararlar:<\/strong> Veriye dayal\u0131 analizler ve yapay zeka destekli \u00f6ng\u00f6r\u00fclerle daha do\u011fru kararlar al\u0131n.<\/li>\n<li data-sourcepos=\"21:1-21:93\"><strong>M\u00fc\u015fteri Memnuniyeti:<\/strong> H\u0131zl\u0131 ve ki\u015fiselle\u015ftirilmi\u015f hizmet ile m\u00fc\u015fteri sadakatini art\u0131r\u0131n.<\/li>\n<li data-sourcepos=\"22:1-23:0\"><strong>Rekabette \u00d6ne Ge\u00e7me:<\/strong> Dijital d\u00f6n\u00fc\u015f\u00fcm ile sekt\u00f6r\u00fcn\u00fczde fark yarat\u0131n.<\/li>\n<\/ul>\n<p data-sourcepos=\"24:1-24:60\"><strong>Nexim, i\u015finizi kolayla\u015ft\u0131r\u0131r, b\u00fcy\u00fct\u00fcr ve gelece\u011fe ta\u015f\u0131r.<\/strong><\/p>\n<p data-sourcepos=\"26:1-26:58\"><strong>Hemen ileti\u015fime ge\u00e7in ve i\u015finizi Nexim ile tan\u0131\u015ft\u0131r\u0131n!<\/strong><\/p>","protected":false},"excerpt":{"rendered":"","protected":false},"author":1,"featured_media":0,"parent":0,"menu_order":0,"comment_status":"closed","ping_status":"closed","template":"","meta":{"footnotes":""},"class_list":["post-103","page","type-page","status-publish","hentry"],"_links":{"self":[{"href":"https:\/\/nexim.com.tr\/index.php\/wp-json\/wp\/v2\/pages\/103","targetHints":{"allow":["GET"]}}],"collection":[{"href":"https:\/\/nexim.com.tr\/index.php\/wp-json\/wp\/v2\/pages"}],"about":[{"href":"https:\/\/nexim.com.tr\/index.php\/wp-json\/wp\/v2\/types\/page"}],"author":[{"embeddable":true,"href":"https:\/\/nexim.com.tr\/index.php\/wp-json\/wp\/v2\/users\/1"}],"replies":[{"embeddable":true,"href":"https:\/\/nexim.com.tr\/index.php\/wp-json\/wp\/v2\/comments?post=103"}],"version-history":[{"count":6,"href":"https:\/\/nexim.com.tr\/index.php\/wp-json\/wp\/v2\/pages\/103\/revisions"}],"predecessor-version":[{"id":316,"href":"https:\/\/nexim.com.tr\/index.php\/wp-json\/wp\/v2\/pages\/103\/revisions\/316"}],"wp:attachment":[{"href":"https:\/\/nexim.com.tr\/index.php\/wp-json\/wp\/v2\/media?parent=103"}],"curies":[{"name":"wp","href":"https:\/\/api.w.org\/{rel}","templated":true}]}}